{"id":11,"date":"2013-06-09T11:08:42","date_gmt":"2013-06-09T11:08:42","guid":{"rendered":"https:\/\/urosevic.net\/wordpress\/?page_id=11"},"modified":"2026-03-10T16:37:22","modified_gmt":"2026-03-10T15:37:22","slug":"terms-and-conditions","status":"publish","type":"page","link":"https:\/\/urosevic.net\/wordpress\/terms-and-conditions\/","title":{"rendered":"Terms and Conditions of Use"},"content":{"rendered":"\n<div style=\"height:60px\" aria-hidden=\"true\" class=\"wp-block-spacer\"><\/div>\n\n\n\n<h2 class=\"wp-block-heading\">1 &nbsp;Acceptance of The Use Of Uro\u0161evi\u0107 DevYard Terms and Conditions<\/h2>\n\n\n\n<p>Your access to and use of Uro\u0161evi\u0107 DevYard is subject exclusively to these Terms and Conditions. You will not use the Website for any unlawful or prohibited purpose by these Terms and Conditions. By using the Website you are fully accepting the terms, conditions and disclaimers contained in this notice. If you do not accept these Terms and Conditions you must immediately stop using the Website.<\/p>\n\n\n\n<div style=\"height:60px\" aria-hidden=\"true\" class=\"wp-block-spacer\"><\/div>\n\n\n\n<h2 class=\"wp-block-heading\">2 &nbsp;Credit card details<\/h2>\n\n\n\n<p>Uro\u0161evi\u0107 DevYard will never ask for Credit Card details and request that you do not enter it on any of the forms on Uro\u0161evi\u0107 DevYard.<\/p>\n\n\n\n<div style=\"height:60px\" aria-hidden=\"true\" class=\"wp-block-spacer\"><\/div>\n\n\n\n<h2 class=\"wp-block-heading\">3 &nbsp;Advice<\/h2>\n\n\n\n<p>The contents of Uro\u0161evi\u0107 DevYard website do not constitute advice and should not be relied upon in making or refraining from making any decision.<\/p>\n\n\n\n<div style=\"height:60px\" aria-hidden=\"true\" class=\"wp-block-spacer\"><\/div>\n\n\n\n<h2 class=\"wp-block-heading\">4 &nbsp;Change of Use<\/h2>\n\n\n\n<p>Uro\u0161evi\u0107 DevYard reserves the right to:<br>4.1 \u00a0change or remove (temporarily or permanently) the Website or any part of it without notice and you confirm that Uro\u0161evi\u0107 DevYard shall not be liable to you for any such change or removal, and<br>4.2 \u00a0change these Terms and Conditions at any time, and your continued use of the Website following any changes shall be deemed to be your acceptance of such change.<\/p>\n\n\n\n<div style=\"height:60px\" aria-hidden=\"true\" class=\"wp-block-spacer\"><\/div>\n\n\n\n<h2 class=\"wp-block-heading\">5 &nbsp;Links to Third Party Websites<\/h2>\n\n\n\n<p>Uro\u0161evi\u0107 DevYard Website may include links to third-party websites that are controlled and maintained by others. Any link to other websites is not an endorsement of such websites and you acknowledge and agree that we are not responsible for the content or availability of any such sites.<\/p>\n\n\n\n<div style=\"height:60px\" aria-hidden=\"true\" class=\"wp-block-spacer\"><\/div>\n\n\n\n<h2 class=\"wp-block-heading\">6 &nbsp;Copyright<\/h2>\n\n\n\n<p>6.1 \u00a0All copyright, trade marks and all other intellectual property rights in the Website and its content (including without limitation the Website design, text, graphics and all software and source codes connected with the Website) are owned by or licensed to Uro\u0161evi\u0107 DevYard or otherwise used by Uro\u0161evi\u0107 DevYard as permitted by law.<br>6.2 \u00a0In accessing the Website, you agree to access the content solely for your personal, non-commercial use. None of the content may be downloaded, copied, reproduced, transmitted, stored, sold or distributed without the prior written consent of the copyright holder. This excludes the downloading, copying and\/or printing of pages of the Website for personal, non-commercial home use only.<\/p>\n\n\n\n<div style=\"height:60px\" aria-hidden=\"true\" class=\"wp-block-spacer\"><\/div>\n\n\n\n<h2 class=\"wp-block-heading\">7 \u00a0Disclaimers and Limitations of Liability<\/h2>\n\n\n\n<p>7.1 \u00a0The Website is provided on an AS IS and AS AVAILABLE basis without any representation or endorsement made and without warranty of any kind whether express or implied, including but not limited to the implied warranties of satisfactory quality, fitness for a particular purpose, non-infringement, compatibility, security and accuracy.<br>7.2 \u00a0To the extent permitted by law, Uro\u0161evi\u0107 DevYard will not be liable for any indirect or consequential loss or damage whatever (including without limitation loss of business, opportunity, data, profits) arising out of or in connection with the use of the Website.<br>7.3 \u00a0Uro\u0161evi\u0107 DevYard makes no warranty that the functionality of the Website will be uninterrupted or error-free, that defects will be corrected or that the Website or the server that makes it available is free of viruses or anything else which may be harmful or destructive.<br>7.4 \u00a0Nothing in these Terms and Conditions shall be construed so as to exclude or limit the liability of Uro\u0161evi\u0107 DevYard for death or personal injury as a result of the negligence of Uro\u0161evi\u0107 DevYard or that of its employees or agents.<\/p>\n\n\n\n<div style=\"height:60px\" aria-hidden=\"true\" class=\"wp-block-spacer\"><\/div>\n\n\n\n<h2 class=\"wp-block-heading\">8 &nbsp;Indemnity<\/h2>\n\n\n\n<p>You agree to indemnify and hold Uro\u0161evi\u0107 DevYard and its employees and agents harmless from and against all liabilities, legal fees, damages, losses, costs and other expenses in relation to any claims or actions brought against Uro\u0161evi\u0107 DevYard arising out of any breach by you of these Terms and Conditions or other liabilities arising out of your use of this Website.<\/p>\n\n\n\n<div style=\"height:60px\" aria-hidden=\"true\" class=\"wp-block-spacer\"><\/div>\n\n\n\n<h2 class=\"wp-block-heading\">9 &nbsp;Severance<\/h2>\n\n\n\n<p>If any of these Terms and Conditions should be determined to be invalid, illegal or unenforceable for any reason by any court of competent jurisdiction then such Term or Condition shall be severed and the remaining Terms and Conditions shall survive and remain in full force and effect and continue to be binding and enforceable.<\/p>\n\n\n\n<div style=\"height:60px\" aria-hidden=\"true\" class=\"wp-block-spacer\"><\/div>\n\n\n\n<h2 class=\"wp-block-heading\">10 &nbsp;Governing Law<\/h2>\n\n\n\n<p>These Terms and Conditions shall be governed by and construed in accordance with the law of the USA and you hereby submit to the exclusive jurisdiction of the USA courts.<\/p>\n\n\n\n<div style=\"height:60px\" aria-hidden=\"true\" class=\"wp-block-spacer\"><\/div>\n\n\n\n<p><strong>This policy<\/strong> was written on June 9th 2013 and <strong>last modified on December 29th 2024<\/strong><\/p>\n\n\n\n<p><strong>For any further information please contact us:<\/strong> <a href=\"https:\/\/urosevic.net\/wordpress\/contact\">https:\/\/urosevic.net\/wordpress\/contact<\/a><\/p>\n","protected":false},"excerpt":{"rendered":"<p>1 &nbsp;Acceptance of The Use Of Uro\u0161evi\u0107 DevYard Terms and Conditions Your access to and use of Uro\u0161evi\u0107 DevYard is subject exclusively to these Terms and Conditions. You will not use the Website for any unlawful or prohibited purpose by these Terms and Conditions. By using the Website you are fully accepting the terms, conditions [&hellip;]<\/p>\n","protected":false},"author":1,"featured_media":0,"parent":0,"menu_order":10,"comment_status":"closed","ping_status":"closed","template":"","meta":{"footnotes":""},"class_list":["post-11","page","type-page","status-publish","hentry"],"_links":{"self":[{"href":"https:\/\/urosevic.net\/wordpress\/wp-json\/wp\/v2\/pages\/11","targetHints":{"allow":["GET"]}}],"collection":[{"href":"https:\/\/urosevic.net\/wordpress\/wp-json\/wp\/v2\/pages"}],"about":[{"href":"https:\/\/urosevic.net\/wordpress\/wp-json\/wp\/v2\/types\/page"}],"author":[{"embeddable":true,"href":"https:\/\/urosevic.net\/wordpress\/wp-json\/wp\/v2\/users\/1"}],"replies":[{"embeddable":true,"href":"https:\/\/urosevic.net\/wordpress\/wp-json\/wp\/v2\/comments?post=11"}],"version-history":[{"count":27,"href":"https:\/\/urosevic.net\/wordpress\/wp-json\/wp\/v2\/pages\/11\/revisions"}],"predecessor-version":[{"id":2983,"href":"https:\/\/urosevic.net\/wordpress\/wp-json\/wp\/v2\/pages\/11\/revisions\/2983"}],"wp:attachment":[{"href":"https:\/\/urosevic.net\/wordpress\/wp-json\/wp\/v2\/media?parent=11"}],"curies":[{"name":"wp","href":"https:\/\/api.w.org\/{rel}","templated":true}]}}